{"id":2172,"date":"2022-09-21T16:50:42","date_gmt":"2022-09-21T12:50:42","guid":{"rendered":"https:\/\/aeroponics.one\/?post_type=product&#038;p=2172"},"modified":"2022-11-08T19:21:42","modified_gmt":"2022-11-08T15:21:42","slug":"laeroponie-horizotale-small-size","status":"publish","type":"product","link":"https:\/\/aeroponics.one\/?product=laeroponie-horizotale-small-size","title":{"rendered":"L&#8217;AEROPONIE horizotale (small size)"},"content":{"rendered":"<hr \/>\n<div class=\"csRow\">\n<div class=\"csColumnGap\" style=\"margin: 0px; padding: 0px; float: left; width: 1.56%;\">\n<div class=\"csRow\">\n<div class=\"csColumnGap\" style=\"margin: 0px; padding: 0px; float: left; width: 1.56%;\"><\/div>\n<\/div>\n<\/div>\n<\/div>\n<div class=\"csRow\">\n<div class=\"csColumnGap\" style=\"margin: 0px; padding: 0px; float: left; width: 1.56%;\"><img decoding=\"async\" style=\"border: none;\" src=\"http:\/\/aeroponics.one\/wp-content\/plugins\/advanced-wp-columns\/assets\/js\/plugins\/views\/img\/1x1-pixel.png\" \/><\/div>\n<div class=\"csColumn\" style=\"margin: 0px; padding: 0px; float: left; width: 14.2%;\" data-csstartpoint=\"15\" data-csendpoint=\"151.5\" data-cswidth=\"14.2%\" data-csid=\"303572ae-e41f-0d29-b6aa-a93d18b4de26\">\n<p><img loading=\"lazy\" decoding=\"async\" class=\"alignnone size-full wp-image-1542\" src=\"http:\/\/aeroponics.one\/wp-content\/uploads\/2022\/02\/SMART-AEROPONICS_datasheet_thumbnail.png\" alt=\"\" width=\"71\" height=\"100\" \/><\/p>\n<\/div>\n<div class=\"csColumnGap\" style=\"margin: 0px; padding: 0px; float: left; width: 2.92%;\"><img decoding=\"async\" style=\"border: none;\" src=\"http:\/\/aeroponics.one\/wp-content\/plugins\/advanced-wp-columns\/assets\/js\/plugins\/views\/img\/1x1-pixel.png\" \/><\/div>\n<div class=\"csColumn\" style=\"margin: 0px; padding: 0px; float: left; width: 79.7%;\" data-csstartpoint=\"179.5\" data-csendpoint=\"945\" data-cswidth=\"79.7%\" data-csid=\"0b7f9d56-b5af-7708-8256-8efe23f5ad24\">\n<div class='w3eden'><!-- WPDM Link Template: Default Template -->\n\n<div class=\"link-template-default card mb-2\">\n    <div class=\"card-body\">\n        <div class=\"media\">\n            <div class=\"mr-3 img-48\"><img decoding=\"async\" class=\"wpdm_icon\" alt=\"Icon\"   src=\"https:\/\/aeroponics.one\/wp-content\/plugins\/download-manager\/assets\/file-type-icons\/pdf.png\" \/><\/div>\n            <div class=\"media-body\">\n                <h3 class=\"package-title\"><a href='https:\/\/aeroponics.one\/?wpdmpro=smart-aeroponics_datasheet_eng'>SMART-AEROPONICS_datasheet_eng<\/a><\/h3>\n                <div class=\"text-muted text-small\"><i class=\"fas fa-copy\"><\/i> 1 file(s) <i class=\"fas fa-hdd ml-3\"><\/i> 7.8MB<\/div>\n            <\/div>\n            <div class=\"ml-3\">\n                <a class='wpdm-download-link download-on-click btn btn-primary ' rel='nofollow' href='#' data-downloadurl=\"https:\/\/aeroponics.one\/?wpdmpro=smart-aeroponics_datasheet_eng&wpdmdl=352&refresh=69fed698cb0d21778308760\">Download<\/a>\n            <\/div>\n        <\/div>\n    <\/div>\n<\/div>\n\n<\/div>\n<\/div>\n<div class=\"csColumnGap\" style=\"margin: 0px; padding: 0px; float: left; width: 1.56%;\"><img decoding=\"async\" style=\"border: none;\" src=\"http:\/\/aeroponics.one\/wp-content\/plugins\/advanced-wp-columns\/assets\/js\/plugins\/views\/img\/1x1-pixel.png\" \/><\/div>\n<div style=\"clear: both; float: none; display: block; visibility: hidden; width: 0px; font-size: 0px; line-height: 0;\"><\/div>\n<\/div>\n<hr \/>\n<p>Jusqu&#8217;\u00e0 32 plantes poussent dans une istallation a\u00e9roponique.<\/p>\n<p><span style=\"color: #00ccff;\">L&#8217;a\u00e9roponique est le processus de culture de plantes dans l&#8217;air sans utiliser de sol, dans lequel les nutriments sont d\u00e9livr\u00e9s sous forme d&#8217;a\u00e9rosol aux racines des plantes. <\/span><\/p>\n<p>Les m\u00e9thodes a\u00e9roponiques optimisent l&#8217;a\u00e9ration des racines, ce qui est un facteur majeur conduisant \u00e0 des rendements plus \u00e9lev\u00e9s par rapport aux m\u00e9thodes de culture classiques. L&#8217;a\u00e9roponie peut produire 10 fois plus de cultures, plus rapidement et moins cher que les m\u00e9thodes de culture traditionnelles.<\/p>\n<p>Contrairement \u00e0 la culture hydroponique, o\u00f9 le substrat est de l&#8217;eau riche en min\u00e9raux et nutriments essentiels pour soutenir la croissance des plantes, la m\u00e9thode de culture a\u00e9roponique n&#8217;implique g\u00e9n\u00e9ralement pas l&#8217;utilisation d&#8217;un substrat. Le principe de base de la culture a\u00e9roponique des plantes est la pulv\u00e9risation par a\u00e9rosol d&#8217;une solution aqueuse riche en nutriments et en min\u00e9raux duns un environnement clos. L&#8217;oxyg\u00e8ne \u00e9tant un \u00e9l\u00e9ment important de la croissance et du d\u00e9veloppemet des plantes, les plantes cultiv\u00e9es selon le principe de la &#8220;saturation e oxyg\u00e8ne&#8221; sont suspendues dans des conteneurs, leurs racines s&#8217;ouvrent et re\u00e7oivent le maximum d&#8217;air. la racine est une partie pratiquement ind\u00e9pendante, presque autonome d&#8217;une plante avec un syst\u00e8me hormonal et un appareil enzymatique. Il peut convertir le CO2 absorb\u00e9 en glucides, les sucres en acides organiques, les nitrates en amines et acides amin\u00e9s en quelques minutes. La plante elle-m\u00eame est fix\u00e9e par un syst\u00e8me de support dans un panier en treillis, et les racines, irrigu\u00e9es avec un m\u00e9lange nutritif, sont simplement suspendues dans l&#8217;air \u00e0 l&#8217;int\u00e9rieur de l&#8217; installation. Les racines sont nourries avec une solution \u00e0 intervalles courts afin que les racines n&#8217;aient pas le temps de s\u00e9cher. Les feuilles et la tige de la plante sont isol\u00e9es de la zone de pulv\u00e9risation.<\/p>\n<p>Avec cette approche, l&#8217;environnement reste exempt de parasites et de maladies associ\u00e9s au sol, ce qui signifie que les plantes peuvent pousser plus sainement et plus rapidement que celles cultiv\u00e9es dans le sol.L&#8217;utilisation de l&#8217;a\u00e9roponie permet la cr\u00e9ation de syst\u00e8mes de culture de plantes enti\u00e8rement automatiques beaucoup plus simples que les syst\u00e8mes utilisant du substrat.<\/p>\n","protected":false},"excerpt":{"rendered":"<p>Jusqu&#8217;\u00e0 32 plantes poussent dans une istallation a\u00e9roponique. L&#8217;a\u00e9roponique est le processus de culture de plantes dans l&#8217;air sans utiliser de sol, dans lequel les nutriments sont d\u00e9livr\u00e9s sous forme d&#8217;a\u00e9rosol aux racines des plantes. Les m\u00e9thodes a\u00e9roponiques optimisent l&#8217;a\u00e9ration des racines, ce qui est un facteur majeur conduisant \u00e0 des rendements plus \u00e9lev\u00e9s par [&hellip;]<\/p>\n","protected":false},"featured_media":2176,"template":"","meta":[],"product_brand":[],"product_cat":[290],"product_tag":[],"class_list":{"0":"post-2172","1":"product","2":"type-product","3":"status-publish","4":"has-post-thumbnail","6":"product_cat-aeroponics-equipment-fr","8":"first","9":"instock","10":"shipping-taxable","11":"purchasable","12":"product-type-simple"},"_links":{"self":[{"href":"https:\/\/aeroponics.one\/index.php?rest_route=\/wp\/v2\/product\/2172","targetHints":{"allow":["GET"]}}],"collection":[{"href":"https:\/\/aeroponics.one\/index.php?rest_route=\/wp\/v2\/product"}],"about":[{"href":"https:\/\/aeroponics.one\/index.php?rest_route=\/wp\/v2\/types\/product"}],"wp:featuredmedia":[{"embeddable":true,"href":"https:\/\/aeroponics.one\/index.php?rest_route=\/wp\/v2\/media\/2176"}],"wp:attachment":[{"href":"https:\/\/aeroponics.one\/index.php?rest_route=%2Fwp%2Fv2%2Fmedia&parent=2172"}],"wp:term":[{"taxonomy":"product_brand","embeddable":true,"href":"https:\/\/aeroponics.one\/index.php?rest_route=%2Fwp%2Fv2%2Fproduct_brand&post=2172"},{"taxonomy":"product_cat","embeddable":true,"href":"https:\/\/aeroponics.one\/index.php?rest_route=%2Fwp%2Fv2%2Fproduct_cat&post=2172"},{"taxonomy":"product_tag","embeddable":true,"href":"https:\/\/aeroponics.one\/index.php?rest_route=%2Fwp%2Fv2%2Fproduct_tag&post=2172"}],"curies":[{"name":"wp","href":"https:\/\/api.w.org\/{rel}","templated":true}]}}