{"id":1718,"date":"2022-02-14T19:38:51","date_gmt":"2022-02-14T15:38:51","guid":{"rendered":"https:\/\/aeroponics.one\/?post_type=product&#038;p=1718"},"modified":"2022-03-03T22:46:45","modified_gmt":"2022-03-03T18:46:45","slug":"aeroponics-smart-server-2","status":"publish","type":"product","link":"https:\/\/aeroponics.one\/?product=aeroponics-smart-server-2","title":{"rendered":"LE SMART-SERVEUR DE L&#8217;AEROPONIE"},"content":{"rendered":"<hr \/>\n<div class=\"csRow\">\n<div class=\"csColumnGap\" style=\"margin: 0px; padding: 0px; float: left; width: 1.56%;\">\n<div class=\"csRow\">\n<div class=\"csColumnGap\" style=\"margin: 0px; padding: 0px; float: left; width: 1.56%;\"><\/div>\n<\/div>\n<\/div>\n<\/div>\n<div class=\"csRow\">\n<div class=\"csColumnGap\" style=\"margin: 0px; padding: 0px; float: left; width: 1.56%;\"><img decoding=\"async\" style=\"border: none;\" src=\"http:\/\/aeroponics.one\/wp-content\/plugins\/advanced-wp-columns\/assets\/js\/plugins\/views\/img\/1x1-pixel.png\" \/><\/div>\n<div class=\"csColumn\" style=\"margin: 0px; padding: 0px; float: left; width: 14.2%;\" data-csstartpoint=\"15\" data-csendpoint=\"151.5\" data-cswidth=\"14.2%\" data-csid=\"303572ae-e41f-0d29-b6aa-a93d18b4de26\">\n<p><img loading=\"lazy\" decoding=\"async\" class=\"alignnone size-full wp-image-1548\" src=\"http:\/\/aeroponics.one\/wp-content\/uploads\/2022\/02\/SMART-SERVER_User_Manual_thumbnail.jpg\" alt=\"\" width=\"71\" height=\"100\" \/><\/p>\n<\/div>\n<div class=\"csColumnGap\" style=\"margin: 0px; padding: 0px; float: left; width: 2.92%;\"><img decoding=\"async\" style=\"border: none;\" src=\"http:\/\/aeroponics.one\/wp-content\/plugins\/advanced-wp-columns\/assets\/js\/plugins\/views\/img\/1x1-pixel.png\" \/><\/div>\n<div class=\"csColumn\" style=\"margin: 0px; padding: 0px; float: left; width: 79.7%;\" data-csstartpoint=\"179.5\" data-csendpoint=\"945\" data-cswidth=\"79.7%\" data-csid=\"0b7f9d56-b5af-7708-8256-8efe23f5ad24\">\n<div class='w3eden'><!-- WPDM Link Template: Default Template -->\n\n<div class=\"link-template-default card mb-2\">\n    <div class=\"card-body\">\n        <div class=\"media\">\n            <div class=\"mr-3 img-48\"><img decoding=\"async\" class=\"wpdm_icon\" alt=\"Icon\"   src=\"https:\/\/aeroponics.one\/wp-content\/plugins\/download-manager\/assets\/file-type-icons\/pdf.png\" \/><\/div>\n            <div class=\"media-body\">\n                <h3 class=\"package-title\"><a href='https:\/\/aeroponics.one\/?wpdmpro=smart-server_user_manual'>SMART-SERVER_User_Manual<\/a><\/h3>\n                <div class=\"text-muted text-small\"><i class=\"fas fa-copy\"><\/i> 1 file(s) <i class=\"fas fa-hdd ml-3\"><\/i> 5.3 MB<\/div>\n            <\/div>\n            <div class=\"ml-3\">\n                <a class='wpdm-download-link download-on-click btn btn-primary ' rel='nofollow' href='#' data-downloadurl=\"https:\/\/aeroponics.one\/?wpdmpro=smart-server_user_manual&wpdmdl=359&refresh=69fed6d6565b81778308822\">Download<\/a>\n            <\/div>\n        <\/div>\n    <\/div>\n<\/div>\n\n<\/div>\n<\/div>\n<div class=\"csColumnGap\" style=\"margin: 0px; padding: 0px; float: left; width: 1.56%;\"><img decoding=\"async\" style=\"border: none;\" src=\"http:\/\/aeroponics.one\/wp-content\/plugins\/advanced-wp-columns\/assets\/js\/plugins\/views\/img\/1x1-pixel.png\" \/><\/div>\n<div style=\"clear: both; float: none; display: block; visibility: hidden; width: 0px; font-size: 0px; line-height: 0;\"><\/div>\n<\/div>\n<hr \/>\n<p><span style=\"color: #00ccff;\">LES FONCTIONS PRINCIPALES DU SMART-SERVEUR DE L&#8217;AEROPONIE:<\/span><\/p>\n<ul>\n<li>Le transfert aux SMART-CONTROLLERS d&#8217;information sur le programme de culture. Dans l&#8217;interface WEB DU SMART-SERVEUR, il est possible de programmer les modes d&#8217;alimentation avec un m\u00e9lange dans toutes les phases de la p\u00e9riode de la v\u00e9g\u00e9tation des plantes.<\/li>\n<li>Le transfert vers SMART-CONTROLLERS de commandes pour allumer\/\u00e9teindreles phytolampes. Dans l&#8217;interface du SMART-SERVEUR, vous pouvez programmer le mode jour-nuit pour toute la saison de croissance ds plantes.<\/li>\n<li>L&#8217;avertissement du personnel sur la n\u00e9cessit\u00e9 de changer le m\u00e9lange selon le calendrier.<\/li>\n<li>Recevoir des SMART-CONTROLLERS et traiter les informations suivantes:<\/li>\n<\/ul>\n<p><span style=\"color: #00ccff;\">temp\u00e9rature et coductivit\u00e9 \u00e9lectrique du m\u00e9lange de nutriments; <\/span><\/p>\n<p><span style=\"color: #00ccff;\">la temp\u00e9rature de l&#8217;air dans le pi\u00e8ce; <\/span><\/p>\n<p><span style=\"color: #00ccff;\">le volume du m\u00e9lage fourni aux buses lors de l&#8217;injection; <\/span><\/p>\n<p><span style=\"color: #00ccff;\">la tension d&#8217;alimetation et consommation \u00e9lectrique de la phytolampe; <\/span><\/p>\n<p><span style=\"color: #00ccff;\">la teneur en dioxyde de carbone dans l&#8217;air; <\/span><\/p>\n<p><span style=\"color: #00ccff;\">le taux d&#8217;humidit\u00e9 des feuilles. <\/span><\/p>\n<ul>\n<li>l&#8217;avertissement du personnel sur la sortie des param\u00e8tres de culture au-del\u00e0 des limites des valeurs autoris\u00e9es.<\/li>\n<\/ul>\n","protected":false},"excerpt":{"rendered":"<p>LES FONCTIONS PRINCIPALES DU SMART-SERVEUR DE L&#8217;AEROPONIE: Le transfert aux SMART-CONTROLLERS d&#8217;information sur le programme de culture. Dans l&#8217;interface WEB DU SMART-SERVEUR, il est possible de programmer les modes d&#8217;alimentation avec un m\u00e9lange dans toutes les phases de la p\u00e9riode de la v\u00e9g\u00e9tation des plantes. Le transfert vers SMART-CONTROLLERS de commandes pour allumer\/\u00e9teindreles phytolampes. Dans [&hellip;]<\/p>\n","protected":false},"featured_media":1731,"template":"","meta":[],"product_brand":[],"product_cat":[290],"product_tag":[],"class_list":{"0":"post-1718","1":"product","2":"type-product","3":"status-publish","4":"has-post-thumbnail","6":"product_cat-aeroponics-equipment-fr","8":"first","9":"instock","10":"shipping-taxable","11":"purchasable","12":"product-type-simple"},"_links":{"self":[{"href":"https:\/\/aeroponics.one\/index.php?rest_route=\/wp\/v2\/product\/1718","targetHints":{"allow":["GET"]}}],"collection":[{"href":"https:\/\/aeroponics.one\/index.php?rest_route=\/wp\/v2\/product"}],"about":[{"href":"https:\/\/aeroponics.one\/index.php?rest_route=\/wp\/v2\/types\/product"}],"wp:featuredmedia":[{"embeddable":true,"href":"https:\/\/aeroponics.one\/index.php?rest_route=\/wp\/v2\/media\/1731"}],"wp:attachment":[{"href":"https:\/\/aeroponics.one\/index.php?rest_route=%2Fwp%2Fv2%2Fmedia&parent=1718"}],"wp:term":[{"taxonomy":"product_brand","embeddable":true,"href":"https:\/\/aeroponics.one\/index.php?rest_route=%2Fwp%2Fv2%2Fproduct_brand&post=1718"},{"taxonomy":"product_cat","embeddable":true,"href":"https:\/\/aeroponics.one\/index.php?rest_route=%2Fwp%2Fv2%2Fproduct_cat&post=1718"},{"taxonomy":"product_tag","embeddable":true,"href":"https:\/\/aeroponics.one\/index.php?rest_route=%2Fwp%2Fv2%2Fproduct_tag&post=1718"}],"curies":[{"name":"wp","href":"https:\/\/api.w.org\/{rel}","templated":true}]}}