{"id":1708,"date":"2022-02-14T19:36:48","date_gmt":"2022-02-14T15:36:48","guid":{"rendered":"https:\/\/aeroponics.one\/?post_type=product&#038;p=1708"},"modified":"2022-03-03T22:16:59","modified_gmt":"2022-03-03T18:16:59","slug":"mixture-e%d1%81-and-temperature-sensor-2","status":"publish","type":"product","link":"https:\/\/aeroponics.one\/?product=mixture-e%d1%81-and-temperature-sensor-2","title":{"rendered":"LE CAPTEUR Ec &#038; TEMPERATURE DE L&#8217;EAU"},"content":{"rendered":"<p>Le capteur de conductivit\u00e9 est combin\u00e9 avec le capteur de temp\u00e9rature.<\/p>\n<p>Les caract\u00e9ristiques:<\/p>\n<ul>\n<li>But des fils<\/li>\n<\/ul>\n<p><span style=\"color: #00ccff;\">Blanc (A) la conductivit\u00e9 \u00e9lectrique &#8211; l&#8217;intr\u00e9e <\/span><\/p>\n<p><span style=\"color: #00ccff;\">Jaune (V) la conductivit\u00e9 \u00e9lectrique &#8211; la sortie <\/span><\/p>\n<p><span style=\"color: #00ccff;\">Rouge &#8211; termistance NTC 10k &#8211; signal <\/span><\/p>\n<p><span style=\"color: #00ccff;\">Noir &#8211; NTC &#8211; terre <\/span><\/p>\n<ul>\n<li>Plage de mesure \u00e0 0 &#8230; 20 mS\/cm<\/li>\n<li>Structure d&#8217;\u00e9lectrode &#8211; Bipolaire<\/li>\n<li>Mat\u00e9riau d&#8217;\u00e9lectrode &#8211; acier 316L<\/li>\n<li>Raccord filet\u00e9 &#8211; 1\/2 &#8220;, le pas de filetage NTP<\/li>\n<li>Pression de service 0&#8230;5 MPa<\/li>\n<li>Ecart de temp\u00e9rature 0&#8230;50\u00b0 C<\/li>\n<li>Capteur thermique type NTC 10k<\/li>\n<\/ul>\n","protected":false},"excerpt":{"rendered":"<p>La conductivit\u00e9 \u00e9lectrique (Ec) est une mesure des sels dissous dans une solution. Plus la teneur en sel est \u00e9lev\u00e9e, plus Ec est exprim\u00e9e en milliSiemens par centim\u00e8tre (mS\/cm). La conductivit\u00e9 \u00e9lectrique doit \u00eatre ajust\u00e9e en fonction de la temp\u00e9rature de la serre. A mesure que la temp\u00e9rature augmente, les plantes doivent absorber plus d&#8217;eau. Les plantes doivent \u00eatre aid\u00e9es en maintenant la conductivit\u00e9 \u00e0 un niveau bas ou m\u00eame en dessous du niveau recommand\u00e9.<\/p>\n","protected":false},"featured_media":1709,"template":"","meta":[],"product_brand":[],"product_cat":[296],"product_tag":[],"class_list":{"0":"post-1708","1":"product","2":"type-product","3":"status-publish","4":"has-post-thumbnail","6":"product_cat-sensors-and-valves-fr","8":"first","9":"instock","10":"shipping-taxable","11":"purchasable","12":"product-type-simple"},"_links":{"self":[{"href":"https:\/\/aeroponics.one\/index.php?rest_route=\/wp\/v2\/product\/1708","targetHints":{"allow":["GET"]}}],"collection":[{"href":"https:\/\/aeroponics.one\/index.php?rest_route=\/wp\/v2\/product"}],"about":[{"href":"https:\/\/aeroponics.one\/index.php?rest_route=\/wp\/v2\/types\/product"}],"wp:featuredmedia":[{"embeddable":true,"href":"https:\/\/aeroponics.one\/index.php?rest_route=\/wp\/v2\/media\/1709"}],"wp:attachment":[{"href":"https:\/\/aeroponics.one\/index.php?rest_route=%2Fwp%2Fv2%2Fmedia&parent=1708"}],"wp:term":[{"taxonomy":"product_brand","embeddable":true,"href":"https:\/\/aeroponics.one\/index.php?rest_route=%2Fwp%2Fv2%2Fproduct_brand&post=1708"},{"taxonomy":"product_cat","embeddable":true,"href":"https:\/\/aeroponics.one\/index.php?rest_route=%2Fwp%2Fv2%2Fproduct_cat&post=1708"},{"taxonomy":"product_tag","embeddable":true,"href":"https:\/\/aeroponics.one\/index.php?rest_route=%2Fwp%2Fv2%2Fproduct_tag&post=1708"}],"curies":[{"name":"wp","href":"https:\/\/api.w.org\/{rel}","templated":true}]}}