{"id":1697,"date":"2022-02-14T19:35:48","date_gmt":"2022-02-14T15:35:48","guid":{"rendered":"https:\/\/aeroponics.one\/?post_type=product&#038;p=1697"},"modified":"2024-06-10T18:12:47","modified_gmt":"2024-06-10T14:12:47","slug":"iot-router","status":"publish","type":"product","link":"https:\/\/aeroponics.one\/?product=iot-router","title":{"rendered":"IoT-ROUTER"},"content":{"rendered":"<hr \/>\n<div class=\"csRow\"><\/div>\n<div class=\"csRow\">\n<div class=\"csColumnGap\" style=\"margin: 0px; padding: 0px; float: left; width: 1.56%;\"><img decoding=\"async\" style=\"border: none;\" src=\"http:\/\/aeroponics.one\/wp-content\/plugins\/advanced-wp-columns\/assets\/js\/plugins\/views\/img\/1x1-pixel.png\" \/><\/div>\n<div class=\"csColumn\" style=\"margin: 0px; padding: 0px; float: left; width: 14.2%;\" data-csstartpoint=\"15\" data-csendpoint=\"151.5\" data-cswidth=\"14.2%\" data-csid=\"303572ae-e41f-0d29-b6aa-a93d18b4de26\">\n<p><img loading=\"lazy\" decoding=\"async\" class=\"alignnone size-full wp-image-506\" src=\"http:\/\/aeroponics.one\/wp-content\/uploads\/2020\/06\/RADIO-ROUTER_thumbnail_100.jpg\" alt=\"\" width=\"71\" height=\"100\" \/><\/p>\n<\/div>\n<div class=\"csColumnGap\" style=\"margin: 0px; padding: 0px; float: left; width: 2.92%;\"><img decoding=\"async\" style=\"border: none;\" src=\"http:\/\/aeroponics.one\/wp-content\/plugins\/advanced-wp-columns\/assets\/js\/plugins\/views\/img\/1x1-pixel.png\" \/><\/div>\n<div class=\"csColumn\" style=\"margin: 0px; padding: 0px; float: left; width: 79.7%;\" data-csstartpoint=\"179.5\" data-csendpoint=\"945\" data-cswidth=\"79.7%\" data-csid=\"0b7f9d56-b5af-7708-8256-8efe23f5ad24\">\n<div class='w3eden'><!-- WPDM Link Template: Default Template -->\n\n<div class=\"link-template-default card mb-2\">\n    <div class=\"card-body\">\n        <div class=\"media\">\n            <div class=\"mr-3 img-48\"><img decoding=\"async\" class=\"wpdm_icon\" alt=\"Icon\"   src=\"https:\/\/aeroponics.one\/wp-content\/plugins\/download-manager\/assets\/file-type-icons\/pdf.png\" \/><\/div>\n            <div class=\"media-body\">\n                <h3 class=\"package-title\"><a href='https:\/\/aeroponics.one\/?wpdmpro=radio-router_user_manual'>RADIO-ROUTER_User_Manual<\/a><\/h3>\n                <div class=\"text-muted text-small\"><i class=\"fas fa-copy\"><\/i> 1 file(s) <i class=\"fas fa-hdd ml-3\"><\/i> 1.5 MB<\/div>\n            <\/div>\n            <div class=\"ml-3\">\n                <a class='wpdm-download-link download-on-click btn btn-primary ' rel='nofollow' href='#' data-downloadurl=\"https:\/\/aeroponics.one\/?wpdmpro=radio-router_user_manual&wpdmdl=451&refresh=69f397f37ad521777571827\">Download<\/a>\n            <\/div>\n        <\/div>\n    <\/div>\n<\/div>\n\n<\/div>\n<\/div>\n<div class=\"csColumnGap\" style=\"margin: 0px; padding: 0px; float: left; width: 1.56%;\"><img decoding=\"async\" style=\"border: none;\" src=\"http:\/\/aeroponics.one\/wp-content\/plugins\/advanced-wp-columns\/assets\/js\/plugins\/views\/img\/1x1-pixel.png\" \/><\/div>\n<div style=\"clear: both; float: none; display: block; visibility: hidden; width: 0px; font-size: 0px; line-height: 0;\"><\/div>\n<\/div>\n<hr \/>\n<p>LES FOCTIONS PRICIPALES:<\/p>\n<ul>\n<li>la commuication avec le SERVEUR-IoT via l&#8217;Internet.<\/li>\n<li>le transfert de don\u00e9es sans fil vers IRRIGATION IoT RADIO et PUMP IoT RADIO pour les commandes d&#8217;allumer\/\u00e9teindre des vannes et de pompe. Dans le compte personnel du portail IoT, vous pouvez programmer un programme d&#8217;irrigation ou g\u00e9rer l&#8217;irrigation manuellement.<\/li>\n<li>la r\u00e9ception sans fil des RADIO-CONTROLLERS des informations suivantes:<\/li>\n<\/ul>\n<p><span style=\"color: #00ccff;\">la temp\u00e9rature et la conductivit\u00e9 \u00e9lectrique de l&#8217;eau; <\/span><\/p>\n<p><span style=\"color: #00ccff;\">l&#8217;humidit\u00e9 et la temp\u00e9rature du sol; le d\u00e9bit et la consommation d&#8217;eau ; <\/span><\/p>\n<p><span style=\"color: #00ccff;\">la temp\u00e9rature de l&#8217;air et la vitesse du vent; <\/span><\/p>\n<p><span style=\"color: #00ccff;\">le niveau de lumi\u00e8re et teneur en dioxyde de carbone dans la serre; <\/span><\/p>\n<p><span style=\"color: #00ccff;\">le nivaux d&#8217;humidit\u00e9 des feuilles.<\/span><\/p>\n<ul>\n<li>l&#8217;avertissement du personnel sur la sortie de param\u00e8tres croissants au-del\u00e0 des valeurs autoris\u00e9es;<\/li>\n<li>les num\u00e9ros de s\u00e9rie des RADIO-CONTROLLERS connect\u00e9s au RADIO-ROUTER sont enregistr\u00e9s dans le menu MA FERME.<\/li>\n<\/ul>\n<p><span style=\"color: #00ccff;\">La communication entre RADIO-CONTROLLER et Lo-Ra ROUTER s&#8217;effectue via un canal radio.<\/span><\/p>\n","protected":false},"excerpt":{"rendered":"<p><iframe loading=\"lazy\" width=\"200\" height=\"100\" src=\"https:\/\/www.youtube.com\/embed\/OOvNOJKKJ84\" title=\"Radio Soil Sensor Agroportal\" frameborder=\"0\" allow=\"accelerometer; autoplay; clipboard-write; encrypted-media; gyroscope; picture-in-picture; web-share\" referrerpolicy=\"strict-origin-when-cross-origin\" allowfullscreen><\/iframe><br \/>\nPay by Visa\/Mastercard<br \/>\n<a href=\"https:\/\/www.globlink.ge\/?product=iot-router\"><img loading=\"lazy\" decoding=\"async\" class=\"alignnone size-full wp-image-2465\" src=\"http:\/\/aeroponics.one\/wp-content\/uploads\/2020\/06\/Visa_MC-logo.png\" alt=\"\" width=\"200\" height=\"60\" \/><\/a><\/p>\n","protected":false},"featured_media":2228,"template":"","meta":[],"product_brand":[],"product_cat":[292],"product_tag":[],"class_list":{"0":"post-1697","1":"product","2":"type-product","3":"status-publish","4":"has-post-thumbnail","6":"product_cat-iot-equipment-fr","8":"first","9":"instock","10":"shipping-taxable","11":"purchasable","12":"product-type-simple"},"_links":{"self":[{"href":"https:\/\/aeroponics.one\/index.php?rest_route=\/wp\/v2\/product\/1697","targetHints":{"allow":["GET"]}}],"collection":[{"href":"https:\/\/aeroponics.one\/index.php?rest_route=\/wp\/v2\/product"}],"about":[{"href":"https:\/\/aeroponics.one\/index.php?rest_route=\/wp\/v2\/types\/product"}],"wp:featuredmedia":[{"embeddable":true,"href":"https:\/\/aeroponics.one\/index.php?rest_route=\/wp\/v2\/media\/2228"}],"wp:attachment":[{"href":"https:\/\/aeroponics.one\/index.php?rest_route=%2Fwp%2Fv2%2Fmedia&parent=1697"}],"wp:term":[{"taxonomy":"product_brand","embeddable":true,"href":"https:\/\/aeroponics.one\/index.php?rest_route=%2Fwp%2Fv2%2Fproduct_brand&post=1697"},{"taxonomy":"product_cat","embeddable":true,"href":"https:\/\/aeroponics.one\/index.php?rest_route=%2Fwp%2Fv2%2Fproduct_cat&post=1697"},{"taxonomy":"product_tag","embeddable":true,"href":"https:\/\/aeroponics.one\/index.php?rest_route=%2Fwp%2Fv2%2Fproduct_tag&post=1697"}],"curies":[{"name":"wp","href":"https:\/\/api.w.org\/{rel}","templated":true}]}}