{"id":1691,"date":"2022-02-14T19:34:58","date_gmt":"2022-02-14T15:34:58","guid":{"rendered":"https:\/\/aeroponics.one\/?post_type=product&#038;p=1691"},"modified":"2022-03-03T22:40:44","modified_gmt":"2022-03-03T18:40:44","slug":"irrigation-plus-wi-fi-controller","status":"publish","type":"product","link":"https:\/\/aeroponics.one\/?product=irrigation-plus-wi-fi-controller","title":{"rendered":"LE Wi-Fi CONTROLLER IRRIGATION-PLUS"},"content":{"rendered":"<hr \/>\n<div class=\"csRow\">\n<div class=\"csColumnGap\" style=\"margin: 0px; padding: 0px; float: left; width: 1.56%;\">\n<div class=\"csRow\">\n<div class=\"csColumnGap\" style=\"margin: 0px; padding: 0px; float: left; width: 1.56%;\"><\/div>\n<\/div>\n<\/div>\n<\/div>\n<div class=\"csRow\">\n<div class=\"csColumnGap\" style=\"margin: 0px; padding: 0px; float: left; width: 1.56%;\"><img decoding=\"async\" style=\"border: none;\" src=\"http:\/\/aeroponics.one\/wp-content\/plugins\/advanced-wp-columns\/assets\/js\/plugins\/views\/img\/1x1-pixel.png\" \/><\/div>\n<div class=\"csColumn\" style=\"margin: 0px; padding: 0px; float: left; width: 14.2%;\" data-csstartpoint=\"15\" data-csendpoint=\"151.5\" data-cswidth=\"14.2%\" data-csid=\"303572ae-e41f-0d29-b6aa-a93d18b4de26\">\n<p><img loading=\"lazy\" decoding=\"async\" class=\"alignnone size-full wp-image-388\" src=\"http:\/\/aeroponics.one\/wp-content\/uploads\/2020\/05\/Irrigation_plus_manual_thumbnail_100.jpg\" alt=\"\" width=\"71\" height=\"100\" \/><\/p>\n<\/div>\n<div class=\"csColumnGap\" style=\"margin: 0px; padding: 0px; float: left; width: 2.92%;\"><img decoding=\"async\" style=\"border: none;\" src=\"http:\/\/aeroponics.one\/wp-content\/plugins\/advanced-wp-columns\/assets\/js\/plugins\/views\/img\/1x1-pixel.png\" \/><\/div>\n<div class=\"csColumn\" style=\"margin: 0px; padding: 0px; float: left; width: 79.7%;\" data-csstartpoint=\"179.5\" data-csendpoint=\"945\" data-cswidth=\"79.7%\" data-csid=\"0b7f9d56-b5af-7708-8256-8efe23f5ad24\">\n<div class='w3eden'><!-- WPDM Link Template: Default Template -->\n\n<div class=\"link-template-default card mb-2\">\n    <div class=\"card-body\">\n        <div class=\"media\">\n            <div class=\"mr-3 img-48\"><img decoding=\"async\" class=\"wpdm_icon\" alt=\"Icon\"   src=\"https:\/\/aeroponics.one\/wp-content\/plugins\/download-manager\/assets\/file-type-icons\/pdf.png\" \/><\/div>\n            <div class=\"media-body\">\n                <h3 class=\"package-title\"><a href='https:\/\/aeroponics.one\/?wpdmpro=irrigation_plus_smart-controller_user_manual'>Irrigation_plus_SMART-CONTROLLER_User_Manual<\/a><\/h3>\n                <div class=\"text-muted text-small\"><i class=\"fas fa-copy\"><\/i> 1 file(s) <i class=\"fas fa-hdd ml-3\"><\/i> 4.2 MB<\/div>\n            <\/div>\n            <div class=\"ml-3\">\n                <a class='wpdm-download-link download-on-click btn btn-primary ' rel='nofollow' href='#' data-downloadurl=\"https:\/\/aeroponics.one\/?wpdmpro=irrigation_plus_smart-controller_user_manual&wpdmdl=356&refresh=69fee2e65547f1778311910\">Download<\/a>\n            <\/div>\n        <\/div>\n    <\/div>\n<\/div>\n\n<\/div>\n<\/div>\n<\/div>\n<div class=\"csRow\">\n<hr \/>\n<p>&nbsp;<\/p>\n<\/div>\n<p>&nbsp;<\/p>\n<p>&nbsp;<\/p>\n<div class=\"csRow\">\n<p>CONTROLLER contr\u00f4le l&#8217;\u00e9lectrovanne \u00e0 travers laquelle le m\u00e9lange de l&#8217;eau est fourni aux buses et surveille le d\u00e9bit, la coductivit\u00e9 \u00e9lectrique et la temp\u00e9rature de la solution aqueuse. La p\u00e9riode et la dur\u00e9e d&#8217;arrosage, les param\u00e8tres Ec normaux et la temp\u00e9rature de l&#8217;eau sont d\u00e9finis par le programme de croissance s\u00e9lectionn\u00e9 par l&#8217;utilisateur dans le menu SETTINGS.<\/p>\n<p><span style=\"color: #00ccff;\">La communication entre le CONTROLLER et le SERVEUR s&#8217;effectue via Wi-Fi<\/span><\/p>\n<p>LE CONTROLLER re\u00e7oit l&#8217;information sur le calendrier d&#8217;arrosage et fonctionne de mani\u00e8re autonome selon un programme donn\u00e9 jusqu&#8217;\u00e0 ce qu&#8217;un nouveau calendrier soit re\u00e7u. C&#8217;est-\u00e0-dire que m\u00eame si la connexion avec le SMART-SERVEUR est interrompue, il n&#8217;y a pas de panne dans l&#8217;arrosage des plantes. LE CONTROLLER re\u00e7oit les donn\u00e9es des capteurs de d\u00e9bit de conductivit\u00e9\/temp\u00e9rature\/m\u00e9lange et envoie l&#8217;information actuelle au SMART-SERVEUR. LE SMART-SERVEUR analyse ces donn\u00e9es et envoie un message d&#8217;alarme \u00e0 l&#8217;utilisateur si les param\u00e8tres sont hors plage. Par exemple, un d\u00e9bit de m\u00e9lange \u00e9lev\u00e9 indique ue fuite dans le syst\u00e8me, tandis qu&#8217;un faible d\u00e9bit peut \u00eatre le signe des buses bouch\u00e9s. De plus, toute l&#8217;information est affich\u00e9e dans le menu MONITORING.<\/p>\n<\/div>\n","protected":false},"excerpt":{"rendered":"<p>&nbsp; &nbsp; &nbsp; CONTROLLER contr\u00f4le l&#8217;\u00e9lectrovanne \u00e0 travers laquelle le m\u00e9lange de l&#8217;eau est fourni aux buses et surveille le d\u00e9bit, la coductivit\u00e9 \u00e9lectrique et la temp\u00e9rature de la solution aqueuse. La p\u00e9riode et la dur\u00e9e d&#8217;arrosage, les param\u00e8tres Ec normaux et la temp\u00e9rature de l&#8217;eau sont d\u00e9finis par le programme de croissance s\u00e9lectionn\u00e9 par [&hellip;]<\/p>\n","protected":false},"featured_media":1692,"template":"","meta":[],"product_brand":[],"product_cat":[290],"product_tag":[],"class_list":{"0":"post-1691","1":"product","2":"type-product","3":"status-publish","4":"has-post-thumbnail","6":"product_cat-aeroponics-equipment-fr","8":"first","9":"instock","10":"shipping-taxable","11":"purchasable","12":"product-type-simple"},"_links":{"self":[{"href":"https:\/\/aeroponics.one\/index.php?rest_route=\/wp\/v2\/product\/1691","targetHints":{"allow":["GET"]}}],"collection":[{"href":"https:\/\/aeroponics.one\/index.php?rest_route=\/wp\/v2\/product"}],"about":[{"href":"https:\/\/aeroponics.one\/index.php?rest_route=\/wp\/v2\/types\/product"}],"wp:featuredmedia":[{"embeddable":true,"href":"https:\/\/aeroponics.one\/index.php?rest_route=\/wp\/v2\/media\/1692"}],"wp:attachment":[{"href":"https:\/\/aeroponics.one\/index.php?rest_route=%2Fwp%2Fv2%2Fmedia&parent=1691"}],"wp:term":[{"taxonomy":"product_brand","embeddable":true,"href":"https:\/\/aeroponics.one\/index.php?rest_route=%2Fwp%2Fv2%2Fproduct_brand&post=1691"},{"taxonomy":"product_cat","embeddable":true,"href":"https:\/\/aeroponics.one\/index.php?rest_route=%2Fwp%2Fv2%2Fproduct_cat&post=1691"},{"taxonomy":"product_tag","embeddable":true,"href":"https:\/\/aeroponics.one\/index.php?rest_route=%2Fwp%2Fv2%2Fproduct_tag&post=1691"}],"curies":[{"name":"wp","href":"https:\/\/api.w.org\/{rel}","templated":true}]}}