{"id":1662,"date":"2022-02-14T19:32:06","date_gmt":"2022-02-14T15:32:06","guid":{"rendered":"https:\/\/aeroponics.one\/?post_type=product&#038;p=1662"},"modified":"2022-03-03T22:36:25","modified_gmt":"2022-03-03T18:36:25","slug":"air-temperature-co2-wi-fi-controller","status":"publish","type":"product","link":"https:\/\/aeroponics.one\/?product=air-temperature-co2-wi-fi-controller","title":{"rendered":"LE Wi-Fi CONTROLLER DE TEMPERATURE ET CO2 DE L&#8217;AIR"},"content":{"rendered":"<div class=\"csRow\">\n<hr \/>\n<hr \/>\n<\/div>\n<div class=\"csRow\">\n<div class=\"csColumnGap\" style=\"margin: 0px; padding: 0px; float: left; width: 1.56%;\"><img decoding=\"async\" style=\"border: none;\" src=\"http:\/\/aeroponics.one\/wp-content\/plugins\/advanced-wp-columns\/assets\/js\/plugins\/views\/img\/1x1-pixel.png\" \/><\/div>\n<div class=\"csColumn\" style=\"margin: 0px; padding: 0px; float: left; width: 14.2%;\" data-csstartpoint=\"15\" data-csendpoint=\"151.5\" data-cswidth=\"14.2%\" data-csid=\"303572ae-e41f-0d29-b6aa-a93d18b4de26\">\n<p><img loading=\"lazy\" decoding=\"async\" class=\"alignnone size-full wp-image-423\" src=\"http:\/\/aeroponics.one\/wp-content\/uploads\/2020\/05\/Air_TemperatureCO2_manual_thumbnail_100.jpg\" alt=\"\" width=\"71\" height=\"100\" \/><\/p>\n<\/div>\n<div class=\"csColumnGap\" style=\"margin: 0px; padding: 0px; float: left; width: 2.92%;\"><img decoding=\"async\" style=\"border: none;\" src=\"http:\/\/aeroponics.one\/wp-content\/plugins\/advanced-wp-columns\/assets\/js\/plugins\/views\/img\/1x1-pixel.png\" \/><\/div>\n<div class=\"csColumn\" style=\"margin: 0px; padding: 0px; float: left; width: 79.7%;\" data-csstartpoint=\"179.5\" data-csendpoint=\"945\" data-cswidth=\"79.7%\" data-csid=\"0b7f9d56-b5af-7708-8256-8efe23f5ad24\">\n<div class='w3eden'><!-- WPDM Link Template: Default Template -->\n\n<div class=\"link-template-default card mb-2\">\n    <div class=\"card-body\">\n        <div class=\"media\">\n            <div class=\"mr-3 img-48\"><img decoding=\"async\" class=\"wpdm_icon\" alt=\"Icon\"   src=\"https:\/\/aeroponics.one\/wp-content\/plugins\/download-manager\/assets\/file-type-icons\/pdf.png\" \/><\/div>\n            <div class=\"media-body\">\n                <h3 class=\"package-title\"><a href='https:\/\/aeroponics.one\/?wpdmpro=air_temperatureco2_smart-controller_user_manual'>Air_Temperature&CO2_SMART-CONTROLLER_User_Manual<\/a><\/h3>\n                <div class=\"text-muted text-small\"><i class=\"fas fa-copy\"><\/i> 1 file(s) <i class=\"fas fa-hdd ml-3\"><\/i> 3.9 MB<\/div>\n            <\/div>\n            <div class=\"ml-3\">\n                <a class='wpdm-download-link download-on-click btn btn-primary ' rel='nofollow' href='#' data-downloadurl=\"https:\/\/aeroponics.one\/?wpdmpro=air_temperatureco2_smart-controller_user_manual&wpdmdl=355&refresh=69fed6e58f0411778308837\">Download<\/a>\n            <\/div>\n        <\/div>\n    <\/div>\n<\/div>\n\n<\/div>\n<\/div>\n<div class=\"csColumnGap\" style=\"margin: 0px; padding: 0px; float: left; width: 1.56%;\"><img decoding=\"async\" style=\"border: none;\" src=\"http:\/\/aeroponics.one\/wp-content\/plugins\/advanced-wp-columns\/assets\/js\/plugins\/views\/img\/1x1-pixel.png\" \/><\/div>\n<div style=\"clear: both; float: none; display: block; visibility: hidden; width: 0px; font-size: 0px; line-height: 0;\"><\/div>\n<\/div>\n<hr \/>\n<p>LE SMART-CONTROLLER contr\u00f4le la temp\u00e9rature et la teneur en doixyde de carbone de l&#8217;air. Les param\u00e8tres normaux sont d\u00e9finis dans le menu SETTINGS dans les lignes DAYTIME AIR TEMPERATURE\/NIGHT AIR TEMPERATURE\/CO2 CONTENT.<br \/>\n<span style=\"color: #00ccff;\">La communication entre le CONTROLLER et le SERVEUR s&#8217;effectue via Wi-Fi<\/span><br \/>\nLE SMART-CONTROLLER re\u00e7oit des commandes du SMART-SERVER pour allumer\/\u00e9teindre les phytolampes. LE SMART-CONTROLLER envoie l&#8217;information sur la tension et la puissance consomm\u00e9e par les lampes au SMART-SERVER. Les capteurs sont trouvent \u00e0 l&#8217;int\u00e9rieur du bo\u00eetier du SMART-CONTROLLER. LE SMART-SERVER analyse ces don\u00e9es et evoie u message \u00e0 l&#8217;utilisateur si les param\u00e8tres sont hors plage. De plus, toute l&#8217;information est affich\u00e9e dans le menu MONITORING.<\/p>\n","protected":false},"excerpt":{"rendered":"<p>LE SMART-CONTROLLER contr\u00f4le la temp\u00e9rature et la teneur en doixyde de carbone de l&#8217;air. Les param\u00e8tres normaux sont d\u00e9finis dans le menu SETTINGS dans les lignes DAYTIME AIR TEMPERATURE\/NIGHT AIR TEMPERATURE\/CO2 CONTENT. La communication entre le CONTROLLER et le SERVEUR s&#8217;effectue via Wi-Fi LE SMART-CONTROLLER re\u00e7oit des commandes du SMART-SERVER pour allumer\/\u00e9teindre les phytolampes. LE [&hellip;]<\/p>\n","protected":false},"featured_media":1663,"template":"","meta":[],"product_brand":[],"product_cat":[290],"product_tag":[],"class_list":{"0":"post-1662","1":"product","2":"type-product","3":"status-publish","4":"has-post-thumbnail","6":"product_cat-aeroponics-equipment-fr","8":"first","9":"instock","10":"shipping-taxable","11":"purchasable","12":"product-type-simple"},"_links":{"self":[{"href":"https:\/\/aeroponics.one\/index.php?rest_route=\/wp\/v2\/product\/1662","targetHints":{"allow":["GET"]}}],"collection":[{"href":"https:\/\/aeroponics.one\/index.php?rest_route=\/wp\/v2\/product"}],"about":[{"href":"https:\/\/aeroponics.one\/index.php?rest_route=\/wp\/v2\/types\/product"}],"wp:featuredmedia":[{"embeddable":true,"href":"https:\/\/aeroponics.one\/index.php?rest_route=\/wp\/v2\/media\/1663"}],"wp:attachment":[{"href":"https:\/\/aeroponics.one\/index.php?rest_route=%2Fwp%2Fv2%2Fmedia&parent=1662"}],"wp:term":[{"taxonomy":"product_brand","embeddable":true,"href":"https:\/\/aeroponics.one\/index.php?rest_route=%2Fwp%2Fv2%2Fproduct_brand&post=1662"},{"taxonomy":"product_cat","embeddable":true,"href":"https:\/\/aeroponics.one\/index.php?rest_route=%2Fwp%2Fv2%2Fproduct_cat&post=1662"},{"taxonomy":"product_tag","embeddable":true,"href":"https:\/\/aeroponics.one\/index.php?rest_route=%2Fwp%2Fv2%2Fproduct_tag&post=1662"}],"curies":[{"name":"wp","href":"https:\/\/api.w.org\/{rel}","templated":true}]}}