{"id":1629,"date":"2022-02-14T19:28:41","date_gmt":"2022-02-14T15:28:41","guid":{"rendered":"https:\/\/aeroponics.one\/?post_type=product&#038;p=1629"},"modified":"2024-06-10T16:56:09","modified_gmt":"2024-06-10T12:56:09","slug":"soil-humidity-iot-controller","status":"publish","type":"product","link":"https:\/\/aeroponics.one\/?product=soil-humidity-iot-controller","title":{"rendered":"CONTROLLER D&#8217;HUMIDITE DU SOL IoT"},"content":{"rendered":"<hr \/>\n<div class=\"csRow\"><\/div>\n<div class=\"csRow\">\n<div class=\"csColumnGap\" style=\"margin: 0px; padding: 0px; float: left; width: 1.56%;\"><img decoding=\"async\" style=\"border: none;\" src=\"http:\/\/aeroponics.one\/wp-content\/plugins\/advanced-wp-columns\/assets\/js\/plugins\/views\/img\/1x1-pixel.png\" \/><\/div>\n<div class=\"csColumn\" style=\"margin: 0px; padding: 0px; float: left; width: 14.2%;\" data-csstartpoint=\"15\" data-csendpoint=\"151.5\" data-cswidth=\"14.2%\" data-csid=\"303572ae-e41f-0d29-b6aa-a93d18b4de26\">\n<p><img loading=\"lazy\" decoding=\"async\" class=\"alignnone size-full wp-image-516\" src=\"http:\/\/aeroponics.one\/wp-content\/uploads\/2022\/01\/Soil Humidity_RADIO-CONTROLLER_User_Manual_thumbnail.jpg\" alt=\"\" width=\"71\" height=\"100\" \/><\/p>\n<\/div>\n<div class=\"csColumnGap\" style=\"margin: 0px; padding: 0px; float: left; width: 2.92%;\"><img decoding=\"async\" style=\"border: none;\" src=\"http:\/\/aeroponics.one\/wp-content\/plugins\/advanced-wp-columns\/assets\/js\/plugins\/views\/img\/1x1-pixel.png\" \/><\/div>\n<div class=\"csColumn\" style=\"margin: 0px; padding: 0px; float: left; width: 79.7%;\" data-csstartpoint=\"179.5\" data-csendpoint=\"945\" data-cswidth=\"79.7%\" data-csid=\"0b7f9d56-b5af-7708-8256-8efe23f5ad24\">\n<div class='w3eden'><!-- WPDM Link Template: Default Template -->\n\n<div class=\"link-template-default card mb-2\">\n    <div class=\"card-body\">\n        <div class=\"media\">\n            <div class=\"mr-3 img-48\"><img decoding=\"async\" class=\"wpdm_icon\" alt=\"Icon\"   src=\"https:\/\/aeroponics.one\/wp-content\/plugins\/download-manager\/assets\/file-type-icons\/pdf.png\" \/><\/div>\n            <div class=\"media-body\">\n                <h3 class=\"package-title\"><a href='https:\/\/aeroponics.one\/?wpdmpro=soil-humidity_radio-controller_user_manual'>Soil Humidity_RADIO-SENSOR_User_Manual<\/a><\/h3>\n                <div class=\"text-muted text-small\"><i class=\"fas fa-copy\"><\/i> 1 file(s) <i class=\"fas fa-hdd ml-3\"><\/i> 2.2 MB<\/div>\n            <\/div>\n            <div class=\"ml-3\">\n                <a class='wpdm-download-link download-on-click btn btn-primary ' rel='nofollow' href='#' data-downloadurl=\"https:\/\/aeroponics.one\/?wpdmpro=soil-humidity_radio-controller_user_manual&wpdmdl=450&refresh=69f3acaf5cd741777577135\">Download<\/a>\n            <\/div>\n        <\/div>\n    <\/div>\n<\/div>\n\n<\/div>\n<\/div>\n<div class=\"csColumnGap\" style=\"margin: 0px; padding: 0px; float: left; width: 1.56%;\"><img decoding=\"async\" style=\"border: none;\" src=\"http:\/\/aeroponics.one\/wp-content\/plugins\/advanced-wp-columns\/assets\/js\/plugins\/views\/img\/1x1-pixel.png\" \/><\/div>\n<div style=\"clear: both; float: none; display: block; visibility: hidden; width: 0px; font-size: 0px; line-height: 0;\"><\/div>\n<\/div>\n<hr \/>\n<p>LE RADIO-CONTROLLER surveille l&#8217;humidit\u00e9 et la temp\u00e9rature du sol. Le contr\u00f4leur re\u00e7oit les donn\u00e9es du capteur d&#8217;humidit\u00e9 du sol et envoie l&#8217;information au SERVEUR IoT (SERVEUR Internet-Of-Things). Le SERVEUR IoT analyse ces donn\u00e9es et envoie un message d&#8217;alarme \u00e0 l&#8217;utulisateur si le param\u00e8tre d\u00e9passe les limites autiris\u00e9es. Les informations sur l&#8217;humidit\u00e9 du sol sont affich\u00e9es dans le MONITORING menu (MA FERME)<\/p>\n","protected":false},"excerpt":{"rendered":"<p>LE RADIO-CONTROLLER est fabriqu\u00e9 dans un bo\u00eeter \u00e9tanche et est aliment\u00e9 par une batterie lithium-polym\u00e8re +3,7V\/2900 mAh, ce qui vous permet d&#8217;utiliser l&#8217;appareil en toute s\u00e9curit\u00e9 \u00e0 l&#8217;ext\u00e9rieur.<\/p>\n<p><span style=\"color: #00ccff;\">La communication entre RADIO-CONTROLLER et Lo-Ra ROUTER s&#8217;effectue via un canal radio.<\/span><br \/>\n<iframe loading=\"lazy\" width=\"200\" height=\"100\" src=\"https:\/\/www.youtube.com\/embed\/OOvNOJKKJ84\" title=\"Radio Soil Sensor Agroportal\" frameborder=\"0\" allow=\"accelerometer; autoplay; clipboard-write; encrypted-media; gyroscope; picture-in-picture; web-share\" referrerpolicy=\"strict-origin-when-cross-origin\" allowfullscreen><\/iframe><br \/>\nPay by Visa\/Mastercard<br \/>\n<a href=\"https:\/\/www.globlink.ge\/?product=soil-humidity-and-temperature-iot-radio-sensor\"><img loading=\"lazy\" decoding=\"async\" class=\"alignnone size-full wp-image-2465\" src=\"http:\/\/aeroponics.one\/wp-content\/uploads\/2020\/06\/Visa_MC-logo.png\" alt=\"\" width=\"200\" height=\"60\" \/><\/a><\/p>\n","protected":false},"featured_media":2354,"template":"","meta":[],"product_brand":[],"product_cat":[296,292],"product_tag":[],"class_list":{"0":"post-1629","1":"product","2":"type-product","3":"status-publish","4":"has-post-thumbnail","6":"product_cat-sensors-and-valves-fr","7":"product_cat-iot-equipment-fr","9":"first","10":"instock","11":"shipping-taxable","12":"purchasable","13":"product-type-simple"},"_links":{"self":[{"href":"https:\/\/aeroponics.one\/index.php?rest_route=\/wp\/v2\/product\/1629","targetHints":{"allow":["GET"]}}],"collection":[{"href":"https:\/\/aeroponics.one\/index.php?rest_route=\/wp\/v2\/product"}],"about":[{"href":"https:\/\/aeroponics.one\/index.php?rest_route=\/wp\/v2\/types\/product"}],"wp:featuredmedia":[{"embeddable":true,"href":"https:\/\/aeroponics.one\/index.php?rest_route=\/wp\/v2\/media\/2354"}],"wp:attachment":[{"href":"https:\/\/aeroponics.one\/index.php?rest_route=%2Fwp%2Fv2%2Fmedia&parent=1629"}],"wp:term":[{"taxonomy":"product_brand","embeddable":true,"href":"https:\/\/aeroponics.one\/index.php?rest_route=%2Fwp%2Fv2%2Fproduct_brand&post=1629"},{"taxonomy":"product_cat","embeddable":true,"href":"https:\/\/aeroponics.one\/index.php?rest_route=%2Fwp%2Fv2%2Fproduct_cat&post=1629"},{"taxonomy":"product_tag","embeddable":true,"href":"https:\/\/aeroponics.one\/index.php?rest_route=%2Fwp%2Fv2%2Fproduct_tag&post=1629"}],"curies":[{"name":"wp","href":"https:\/\/api.w.org\/{rel}","templated":true}]}}