{"id":1623,"date":"2022-02-14T19:27:47","date_gmt":"2022-02-14T15:27:47","guid":{"rendered":"https:\/\/aeroponics.one\/?post_type=product&#038;p=1623"},"modified":"2022-03-03T22:11:54","modified_gmt":"2022-03-03T18:11:54","slug":"valve-solenoid_9vdc","status":"publish","type":"product","link":"https:\/\/aeroponics.one\/?product=valve-solenoid_9vdc","title":{"rendered":"Electrovanne_9VDC"},"content":{"rendered":"<p><span style=\"color: #00ccff;\">Les caract\u00e9ristiques<\/span><\/p>\n<ul>\n<li>La pression: de 1,0 \u00e0 10,4 bars.<\/li>\n<li>Le d\u00e9bit: de 0,05 \u00e0 9,085 m3\/h; de 0,01 \u00e0 2,52 l\/s. Pour les d\u00e9bits inf\u00e9rieurs \u00e0 0,68 m3\/h; 0,19 l\/s ou toute application d&#8217;irrigation goute \u00e0 goute, utilisez une cr\u00e9pine de 200 microns install\u00e9e en amont.<\/li>\n<li>Temp\u00e9rature de l&#8217;eau: jusqu&#8217;\u00e0 43\u00b0 C<\/li>\n<li>Temp\u00e9rature ambiante: jusqu&#8217;\u00e0 52\u00b0 C<\/li>\n<li>Les exigences de tension du sol\u00e9no\u00cfde 9 V CC:<\/li>\n<\/ul>\n<p>courant de d\u00e9marrage 0,9 A; courant de maintein nul<\/p>\n<ul>\n<li>Dimensions<\/li>\n<\/ul>\n<p>Hauteur: 11,4 cm<\/p>\n<p>Longueur: 11,1 cm<\/p>\n<p>Longueur(MB): 14,6 cm<\/p>\n<p>Largeur: 8,4 cm.<\/p>\n","protected":false},"excerpt":{"rendered":"<p>RainBird Diaphragm Valve (DV) is The Industry Leader for Over 25 Years.<\/p>\n<p>Features<\/p>\n<ul>\n<li>Double-filtered (diaphragm and solenoid) pilot-flow design for<br \/>\nmaximum reliability and grit resistance<\/li>\n<li>Buna-N, balanced pressure diaphragm with self-cleaning 200 micron<br \/>\npilot water filter and captive spring<\/li>\n<li>Energy-efficient, low-power encapsulated solenoid with captured<br \/>\nplunger and 200 micron solenoid filter<\/li>\n<li>External bleed to manually flush system of dirt and debris during<br \/>\ninstallation and system start-up<\/li>\n<li>Internal bleed for spray-free manual operation<\/li>\n<\/ul>\n<p>La vanne \u00e0 membrane RainBird (DV) est un leader de l&#8217;industrie depuis plus de 25 ans.<\/p>\n<p>Les fonctions<\/p>\n<ul>\n<li>Double filtre (membrane et sol\u00e9o\u00cfde) \u00e0 flux dense pour une fiabilit\u00e9 et une r\u00e9sistance \u00e0 l&#8217;abrasion maximales Buna-N,<\/li>\n<li>diaphragme \u00e0 pression \u00e9quilibr\u00e9e avec filtre de l&#8217;eau autonettoyant de 200 microns et ressort de retenue<\/li>\n<li>Sol\u00e9no\u00cfde \u00e0 piston scell\u00e9 \u00e0 faible consommation d&#8217;\u00e9nergie et filtre \u00e0 sol\u00e9no\u00cfde de 200 microns<\/li>\n<li>Sortie d&#8217;air externe pour le rin\u00e7age manuel du syst\u00e8me de la salet\u00e9 et des d\u00e9bris pendant l&#8217;installation et le d\u00e9marrage du syst\u00e8me<\/li>\n<li>Sortie d&#8217;air interne pour un contr\u00f4le manuel sans \u00e9claboussures<\/li>\n<\/ul>\n","protected":false},"featured_media":1624,"template":"","meta":[],"product_brand":[],"product_cat":[296],"product_tag":[],"class_list":{"0":"post-1623","1":"product","2":"type-product","3":"status-publish","4":"has-post-thumbnail","6":"product_cat-sensors-and-valves-fr","8":"first","9":"instock","10":"shipping-taxable","11":"purchasable","12":"product-type-simple"},"_links":{"self":[{"href":"https:\/\/aeroponics.one\/index.php?rest_route=\/wp\/v2\/product\/1623","targetHints":{"allow":["GET"]}}],"collection":[{"href":"https:\/\/aeroponics.one\/index.php?rest_route=\/wp\/v2\/product"}],"about":[{"href":"https:\/\/aeroponics.one\/index.php?rest_route=\/wp\/v2\/types\/product"}],"wp:featuredmedia":[{"embeddable":true,"href":"https:\/\/aeroponics.one\/index.php?rest_route=\/wp\/v2\/media\/1624"}],"wp:attachment":[{"href":"https:\/\/aeroponics.one\/index.php?rest_route=%2Fwp%2Fv2%2Fmedia&parent=1623"}],"wp:term":[{"taxonomy":"product_brand","embeddable":true,"href":"https:\/\/aeroponics.one\/index.php?rest_route=%2Fwp%2Fv2%2Fproduct_brand&post=1623"},{"taxonomy":"product_cat","embeddable":true,"href":"https:\/\/aeroponics.one\/index.php?rest_route=%2Fwp%2Fv2%2Fproduct_cat&post=1623"},{"taxonomy":"product_tag","embeddable":true,"href":"https:\/\/aeroponics.one\/index.php?rest_route=%2Fwp%2Fv2%2Fproduct_tag&post=1623"}],"curies":[{"name":"wp","href":"https:\/\/api.w.org\/{rel}","templated":true}]}}