{"id":1616,"date":"2022-02-14T19:26:45","date_gmt":"2022-02-14T15:26:45","guid":{"rendered":"https:\/\/aeroponics.one\/?post_type=product&#038;p=1616"},"modified":"2022-03-03T22:05:49","modified_gmt":"2022-03-03T18:05:49","slug":"irrigation-wi-fi-controller","status":"publish","type":"product","link":"https:\/\/aeroponics.one\/?product=irrigation-wi-fi-controller","title":{"rendered":"Wi-Fi CONTROLLER D&#8217;IRRIGATION"},"content":{"rendered":"<hr \/>\n<div class=\"csRow\">\n<div class=\"csColumnGap\" style=\"margin: 0px; padding: 0px; float: left; width: 1.56%;\">\n<div class=\"csRow\">\n<div class=\"csColumnGap\" style=\"margin: 0px; padding: 0px; float: left; width: 1.56%;\"><\/div>\n<\/div>\n<\/div>\n<\/div>\n<div class=\"csRow\">\n<div class=\"csColumnGap\" style=\"margin: 0px; padding: 0px; float: left; width: 1.56%;\"><img decoding=\"async\" style=\"border: none;\" src=\"http:\/\/aeroponics.one\/wp-content\/plugins\/advanced-wp-columns\/assets\/js\/plugins\/views\/img\/1x1-pixel.png\" \/><\/div>\n<div class=\"csColumn\" style=\"margin: 0px; padding: 0px; float: left; width: 14.2%;\" data-csstartpoint=\"15\" data-csendpoint=\"151.5\" data-cswidth=\"14.2%\" data-csid=\"303572ae-e41f-0d29-b6aa-a93d18b4de26\">\n<p><img loading=\"lazy\" decoding=\"async\" class=\"alignnone size-full wp-image-384\" src=\"http:\/\/aeroponics.one\/wp-content\/uploads\/2022\/02\/Irrigation_SMART-CONTROLLER_User_Manual_thumbnail.jpg\" alt=\"\" width=\"71\" height=\"100\" \/><\/p>\n<\/div>\n<div class=\"csColumnGap\" style=\"margin: 0px; padding: 0px; float: left; width: 2.92%;\"><img decoding=\"async\" style=\"border: none;\" src=\"http:\/\/aeroponics.one\/wp-content\/plugins\/advanced-wp-columns\/assets\/js\/plugins\/views\/img\/1x1-pixel.png\" \/><\/div>\n<div class=\"csColumn\" style=\"margin: 0px; padding: 0px; float: left; width: 79.7%;\" data-csstartpoint=\"179.5\" data-csendpoint=\"945\" data-cswidth=\"79.7%\" data-csid=\"0b7f9d56-b5af-7708-8256-8efe23f5ad24\">\n<div class='w3eden'><!-- WPDM Link Template: Default Template -->\n\n<div class=\"link-template-default card mb-2\">\n    <div class=\"card-body\">\n        <div class=\"media\">\n            <div class=\"mr-3 img-48\"><img decoding=\"async\" class=\"wpdm_icon\" alt=\"Icon\"   src=\"https:\/\/aeroponics.one\/wp-content\/plugins\/download-manager\/assets\/file-type-icons\/pdf.png\" \/><\/div>\n            <div class=\"media-body\">\n                <h3 class=\"package-title\"><a href='https:\/\/aeroponics.one\/?wpdmpro=irrigation_smart-controller_user_manual'>Irrigation_SMART-CONTROLLER_User_Manual<\/a><\/h3>\n                <div class=\"text-muted text-small\"><i class=\"fas fa-copy\"><\/i> 1 file(s) <i class=\"fas fa-hdd ml-3\"><\/i> 4.9 MB<\/div>\n            <\/div>\n            <div class=\"ml-3\">\n                <a class='wpdm-download-link download-on-click btn btn-primary ' rel='nofollow' href='#' data-downloadurl=\"https:\/\/aeroponics.one\/?wpdmpro=irrigation_smart-controller_user_manual&wpdmdl=358&refresh=69fed594a215a1778308500\">Download<\/a>\n            <\/div>\n        <\/div>\n    <\/div>\n<\/div>\n\n<\/div>\n<\/div>\n<\/div>\n<div class=\"csRow\">\n<div class=\"csColumnGap\" style=\"margin: 0px; padding: 0px; float: left; width: 1.56%;\"><img decoding=\"async\" style=\"border: none;\" src=\"http:\/\/aeroponics.one\/wp-content\/plugins\/advanced-wp-columns\/assets\/js\/plugins\/views\/img\/1x1-pixel.png\" \/><\/div>\n<div style=\"clear: both; float: none; display: block; visibility: hidden; width: 0px; font-size: 0px; line-height: 0;\"><\/div>\n<\/div>\n<hr \/>\n<p><span style=\"color: #00ccff;\">La communication entre le CONTROLLER et le SERVEUR s&#8217;effectue via Wi-Fi<\/span><br \/>\nLe SMART-CONTROLLER re\u00e7oit l&#8217;information sur leprogramme d&#8217;arrosage et fonctionne de mani\u00e8re autonome selon un programme donn\u00e9 jusqu&#8217;\u00e0 ce qu-un nouveau programme soit re\u00e7u. C-est-\u00e0-dire que m\u00eame si la connexion avec le serveur est interrompue, il n-y a pas de panne dans l&#8217;arrosage des plantes<\/p>\n<p><span style=\"color: #00ccff;\">Le SMART-CONTROLLER re\u00e7oit les donn\u00e9es du capteur de d\u00e9bit d&#8217;eau et envoie l&#8217;information sur le d\u00e9bit atuel au SMART-SERVEUR.\u00a0 \u00a0 \u00a0 \u00a0 \u00a0 \u00a0 \u00a0 \u00a0 \u00a0 \u00a0 \u00a0 \u00a0 \u00a0 \u00a0 \u00a0 \u00a0 \u00a0 \u00a0 \u00a0 \u00a0 \u00a0 \u00a0 \u00a0 \u00a0 \u00a0 \u00a0 \u00a0 \u00a0 \u00a0 \u00a0 \u00a0 \u00a0 \u00a0 \u00a0 \u00a0 \u00a0 \u00a0 \u00a0 \u00a0 \u00a0 \u00a0 \u00a0 \u00a0 \u00a0 \u00a0 \u00a0 \u00a0 \u00a0 \u00a0 \u00a0 \u00a0 \u00a0 \u00a0 \u00a0 \u00a0 \u00a0 \u00a0 \u00a0 \u00a0 \u00a0 \u00a0 \u00a0<\/span><\/p>\n<p>Le SMART-SERVEUR analyse ces donn\u00e9es et envoie un message d&#8217;alarme \u00e0 l&#8217;utilisateur si le param\u00e8tre d\u00e9passe les limites autoris\u00e9es. Par exemple, un d\u00e9bit de solution accru indique une fuite dans le syst\u00e8me, tandis qu&#8217;un r\u00e9duit peut \u00eatre le signe de buses obstru\u00e9es. L&#8217;information de consommation de solution est \u00e9galement affich\u00e9e dans le menu MONITORING.<br \/>\nLe SMART-CONTROLLER est plac\u00e9 dans un bo\u00eetier \u00e9tanche et est aliment\u00e9 par un secteur 12V, ce qui vous permet d&#8217;utiliser l&#8217;appareil en toute s\u00e9curit\u00e9 dans des pi\u00e8ces \u00e0 forte humidit\u00e9<em>.<\/em><\/p>\n<p>&nbsp;<\/p>\n<p>&nbsp;<\/p>\n","protected":false},"excerpt":{"rendered":"<p><span style=\"color: #00ccff;\">LA CONTROLE DE L&#8217;ELECTROVANNE ET SURVEILLANCE DU DEBIT DE SOLUTION<\/span><br \/>\nLa p\u00e9riode et la dur\u00e9e d&#8217;arrosage sont d\u00e9finies par le programme de culture que l&#8217;utilisateur a s\u00e9lectionn\u00e9 dans le menu SETTINGS.<\/p>\n","protected":false},"featured_media":1617,"template":"","meta":[],"product_brand":[],"product_cat":[290],"product_tag":[],"class_list":{"0":"post-1616","1":"product","2":"type-product","3":"status-publish","4":"has-post-thumbnail","6":"product_cat-aeroponics-equipment-fr","8":"first","9":"instock","10":"shipping-taxable","11":"purchasable","12":"product-type-simple"},"_links":{"self":[{"href":"https:\/\/aeroponics.one\/index.php?rest_route=\/wp\/v2\/product\/1616","targetHints":{"allow":["GET"]}}],"collection":[{"href":"https:\/\/aeroponics.one\/index.php?rest_route=\/wp\/v2\/product"}],"about":[{"href":"https:\/\/aeroponics.one\/index.php?rest_route=\/wp\/v2\/types\/product"}],"wp:featuredmedia":[{"embeddable":true,"href":"https:\/\/aeroponics.one\/index.php?rest_route=\/wp\/v2\/media\/1617"}],"wp:attachment":[{"href":"https:\/\/aeroponics.one\/index.php?rest_route=%2Fwp%2Fv2%2Fmedia&parent=1616"}],"wp:term":[{"taxonomy":"product_brand","embeddable":true,"href":"https:\/\/aeroponics.one\/index.php?rest_route=%2Fwp%2Fv2%2Fproduct_brand&post=1616"},{"taxonomy":"product_cat","embeddable":true,"href":"https:\/\/aeroponics.one\/index.php?rest_route=%2Fwp%2Fv2%2Fproduct_cat&post=1616"},{"taxonomy":"product_tag","embeddable":true,"href":"https:\/\/aeroponics.one\/index.php?rest_route=%2Fwp%2Fv2%2Fproduct_tag&post=1616"}],"curies":[{"name":"wp","href":"https:\/\/api.w.org\/{rel}","templated":true}]}}