{"id":1593,"date":"2022-02-14T19:13:05","date_gmt":"2022-02-14T15:13:05","guid":{"rendered":"https:\/\/aeroponics.one\/?page_id=1593"},"modified":"2023-04-06T18:28:02","modified_gmt":"2023-04-06T14:28:02","slug":"about-iot-ecosystem-2","status":"publish","type":"page","link":"https:\/\/aeroponics.one\/?page_id=1593","title":{"rendered":"IoT l&#8217;\u00e9cosyst\u00e8me"},"content":{"rendered":"<div class=\"wp-block-columns is-layout-flex wp-container-core-columns-is-layout-1 wp-block-columns-is-layout-flex\"><div class=\"wp-block-column is-layout-flow wp-block-column-is-layout-flow\"><p><iframe loading=\"lazy\" width=\"200\" height=\"100\" src=\"https:\/\/www.youtube.com\/embed\/rPgJNJVU650\" title=\"AgroGeorgia 1\" frameborder=\"0\" allow=\"accelerometer; autoplay; clipboard-write; encrypted-media; gyroscope; picture-in-picture; web-share\" allowfullscreen=\"\"><\/iframe><\/p>\n\n<div class='w3eden'><!-- WPDM Link Template: Default Template -->\n\n<div class=\"link-template-default card mb-2\">\n    <div class=\"card-body\">\n        <div class=\"media\">\n            <div class=\"mr-3 img-48\"><img decoding=\"async\" class=\"wpdm_icon\" alt=\"Icon\"   src=\"https:\/\/aeroponics.one\/wp-content\/plugins\/download-manager\/assets\/file-type-icons\/pdf.png\" \/><\/div>\n            <div class=\"media-body\">\n                <h3 class=\"package-title\"><a href='https:\/\/aeroponics.one\/?wpdmpro=agrogeorgia-portal-user-manual_eng'>AGRoGEORGIA PORTAL User Manual_eng<\/a><\/h3>\n                <div class=\"text-muted text-small\"><i class=\"fas fa-copy\"><\/i> 1 file(s) <i class=\"fas fa-hdd ml-3\"><\/i> 4.7MB<\/div>\n            <\/div>\n            <div class=\"ml-3\">\n                <a class='wpdm-download-link download-on-click btn btn-primary ' rel='nofollow' href='#' data-downloadurl=\"https:\/\/aeroponics.one\/?wpdmpro=agrogeorgia-portal-user-manual_eng&wpdmdl=707&refresh=69fb3861747d31778071649\">Download<\/a>\n            <\/div>\n        <\/div>\n    <\/div>\n<\/div>\n\n<\/div>\n\n<hr>\n<p><img decoding=\"async\" src=\"http:\/\/aeroponics.one\/wp-content\/uploads\/2022\/02\/IoT-ecosystem-519x600.png\"><\/p>\n\n<hr>\n<p><img decoding=\"async\" src=\"http:\/\/aeroponics.one\/wp-content\/uploads\/2022\/02\/IoT-scheme-1-445x600.png\"><\/p><\/div>\n\n<div class=\"wp-block-column is-layout-flow wp-block-column-is-layout-flow\"><p><span style=\"color: #00ccff;\">INTERNET-OF-THINGS (IoT) ECOSYSTEM<\/span><\/p>\n<p>It is ecosystem in which the farmer can use the terminals (smartphone, tablet etc.) to send commands or requests to his IoT-devices via the Internet.<br>Farmers will have the unique opportunity to receive real-time information from remote sensors. Also, farmers will be able to manage executive devices from their account on the AGRoGEORGIA portal.<br>It is no secret that farmers experience a constant shortage of qualified specialists. The AGRoGEORGIA portal will make it possible to automate many crop growing functions. For example, information about the current parameters of soil temperature and humidity, air temperature and leaf activity sensors will make it possible to optimize the irrigation schedule of plants which will lead to the careful use of water resources and to improve the quality of the crop. Inadequate irrigation leads to plant stress and with excessive irrigation nutrients are washed out into the lower layers of the soil. In the AGRoGEORGIA ecosystem, IoT- valves can perform optimal irrigation based on data collected from IoT-sensors.<\/p>\n<p><span style=\"color: #00ccff;\">AGRoGEORGIA portal will provide farmers with data from:<\/span><\/p>\n<ul>\n<li>humidity and temperature sensors of two soil layers;<\/li>\n<li>air temperature and humidity sensors;<br>wind speed sensors;<\/li>\n<li>turgor pressure sensors in leaves;<br>water flow sensors;<\/li>\n<li>sensors for temperature and electrical conductivity of the water mixture;<\/li>\n<li>carbon dioxide level sensors (for greenhouses);<\/li>\n<li>light sensors (for greenhouses)<\/li>\n<\/ul>\n<p><span style=\"color: #00ccff;\">In his account on the AGRoGEORGIA portal, the farmer will be able to program:<\/span><\/p>\n<ul>\n<li>\n<p>programme on\/off\/timing les pompes et les vannes d&#8217;irrigation;&nbsp;&nbsp;<\/p>\n<\/li>\n<li>\n<p>programme on\/off\/timing de la dur\u00e9e d&#8217;\u00e9clairagede la serre;<\/p>\n<\/li>\n<li>\n<p>le contr\u00f4le d&#8217;autres appareils \u00e9quip\u00e9s de contr\u00f4leurs compatibles avec le service AGRoGEORGIA.<\/p>\n<\/li>\n<\/ul>\n<p><span style=\"color: #00ccff;\">LA TECHNOLOGIE ET LES CARACTERISTIQUES DE L&#8217;EQUIPMENT<\/span><\/p>\n<p>La cha\u00eene technologique se compose de cinq \u00e9l\u00e9ments principaux:<\/p>\n<ul>\n<li>Capteurs et appareils qui envoient des donn\u00e9es au syst\u00e8me ou re\u00e7oivent des commandes ou des demandes du syst\u00e8me;<\/li>\n<li>Contr\u00f4lles-radio connect\u00e9s aux capteurs et appareils et assurant le traitement primaire des informations et l&#8217;\u00e9change de donn\u00e9es avec le routeur LoRa via un canal radio;<\/li>\n<li>Routeur-LoRa connect\u00e9 \u00e0 l&#8217;Internet filaire ou 3G. Le routeur permet l&#8217;\u00e9change d&#8217;informations avec le portail IoT;<\/li>\n<li>Le portail IoT est un serveur qui fournit \u00e0 l&#8217;utilisateur un acc\u00e8s \u00e0 distance aux appareils;<\/li>\n<li>Smartphone ou Laptop d&#8217;utilisateur. Gr\u00e2ce \u00e0 une interface conviviale, l&#8217;Utilisateur g\u00e8re ses appareils distants et re\u00e7oit des infomations \u00e0 jour des diff\u00e9rents parties de sa ferme.<\/li>\n<\/ul><\/div><\/div>","protected":false},"excerpt":{"rendered":"<p>INTERNET-OF-THINGS (IoT) ECOSYSTEM It is ecosystem in which the farmer can use the terminals (smartphone, tablet etc.) to send commands or requests to his IoT-devices via the Internet.Farmers will have the unique opportunity to receive real-time information from remote sensors. Also, farmers will be able to manage executive devices from their account on the AGRoGEORGIA [&hellip;]<\/p>\n","protected":false},"author":1,"featured_media":0,"parent":0,"menu_order":2,"comment_status":"closed","ping_status":"closed","template":"template-fullwidth.php","meta":{"footnotes":""},"class_list":["post-1593","page","type-page","status-publish","hentry"],"_links":{"self":[{"href":"https:\/\/aeroponics.one\/index.php?rest_route=\/wp\/v2\/pages\/1593","targetHints":{"allow":["GET"]}}],"collection":[{"href":"https:\/\/aeroponics.one\/index.php?rest_route=\/wp\/v2\/pages"}],"about":[{"href":"https:\/\/aeroponics.one\/index.php?rest_route=\/wp\/v2\/types\/page"}],"author":[{"embeddable":true,"href":"https:\/\/aeroponics.one\/index.php?rest_route=\/wp\/v2\/users\/1"}],"replies":[{"embeddable":true,"href":"https:\/\/aeroponics.one\/index.php?rest_route=%2Fwp%2Fv2%2Fcomments&post=1593"}],"version-history":[{"count":8,"href":"https:\/\/aeroponics.one\/index.php?rest_route=\/wp\/v2\/pages\/1593\/revisions"}],"predecessor-version":[{"id":2246,"href":"https:\/\/aeroponics.one\/index.php?rest_route=\/wp\/v2\/pages\/1593\/revisions\/2246"}],"wp:attachment":[{"href":"https:\/\/aeroponics.one\/index.php?rest_route=%2Fwp%2Fv2%2Fmedia&parent=1593"}],"curies":[{"name":"wp","href":"https:\/\/api.w.org\/{rel}","templated":true}]}}