{"id":1584,"date":"2022-02-14T19:02:48","date_gmt":"2022-02-14T15:02:48","guid":{"rendered":"https:\/\/aeroponics.one\/?page_id=1584"},"modified":"2022-03-03T21:30:46","modified_gmt":"2022-03-03T17:30:46","slug":"about-aeroponics","status":"publish","type":"page","link":"https:\/\/aeroponics.one\/?page_id=1584","title":{"rendered":"A propos de l&#8217;a\u00e9roponie"},"content":{"rendered":"<div class=\"wp-block-columns is-layout-flex wp-container-core-columns-is-layout-1 wp-block-columns-is-layout-flex\"><div class=\"wp-block-column is-layout-flow wp-block-column-is-layout-flow\"><div class='w3eden'><!-- WPDM Link Template: Default Template -->\n\n<div class=\"link-template-default card mb-2\">\n    <div class=\"card-body\">\n        <div class=\"media\">\n            <div class=\"mr-3 img-48\"><img decoding=\"async\" class=\"wpdm_icon\" alt=\"Icon\"   src=\"https:\/\/aeroponics.one\/wp-content\/plugins\/download-manager\/assets\/file-type-icons\/pdf.png\" \/><\/div>\n            <div class=\"media-body\">\n                <h3 class=\"package-title\"><a href='https:\/\/aeroponics.one\/?wpdmpro=smart-aeroponics_datasheet_eng'>SMART-AEROPONICS_datasheet_eng<\/a><\/h3>\n                <div class=\"text-muted text-small\"><i class=\"fas fa-copy\"><\/i> 1 file(s) <i class=\"fas fa-hdd ml-3\"><\/i> 7.8MB<\/div>\n            <\/div>\n            <div class=\"ml-3\">\n                <a class='wpdm-download-link download-on-click btn btn-primary ' rel='nofollow' href='#' data-downloadurl=\"https:\/\/aeroponics.one\/?wpdmpro=smart-aeroponics_datasheet_eng&wpdmdl=352&refresh=69f404b462a0d1777599668\">Download<\/a>\n            <\/div>\n        <\/div>\n    <\/div>\n<\/div>\n\n<\/div>\n\n<p><img decoding=\"async\" src=\"http:\/\/aeroponics.one\/wp-content\/uploads\/2019\/11\/Aeroponics-scheme-1.png\"><\/p>\n\n<p><img decoding=\"async\" src=\"http:\/\/aeroponics.one\/wp-content\/uploads\/2020\/05\/photo_2022-01-30_17-22-17-480x600.jpg\"><\/p><\/div>\n\n<div class=\"wp-block-column is-layout-flow wp-block-column-is-layout-flow\"><h4><span style=\"color: #00ccff;\">AVANTAGES DE LA CULTIVATION DES PLANTES AEROPONIQUES<\/span><\/h4>\n<ul>\n<li>Respect de l&#8217;environnement.<\/li>\n<\/ul>\n<p>\u00a0La cultivation a\u00e9roponique des plantes est consider\u00e9e comme un moyent s\u00fbr et respecteux de l&#8217;environnement d&#8217;obtenir des plantes et des cultures naturelles et saines. En outre, un avantage environnemental suppl\u00e9mentaire de l&#8217;a\u00e9roponie est l&#8217;\u00e9conomie d&#8217;eau et d&#8217;\u00e9nergie. Par rapport \u00e0 a cuture v\u00e9g\u00e9tale conentionnelle, l&#8217;a\u00e9roponie n\u00e9cessite moins d&#8217;eau et d&#8217;\u00e9nergie par unit\u00e9 de production. Les plantes assimilent pleinement tous les nutriments consomm\u00e9s. Rien ne va dans le sol, les eaux souterraines ne sont pas pollu\u00e9es, il n&#8217;y a aucun effet surla vie microbienne dans le sol.<\/p>\n<ul>\n<li>Pas de maladies des plantes.<\/li>\n<\/ul>\n<p>En A\u00e9roponie, il est possible de limiter la transmission de l&#8217;infection en isolant rapidement la zone infect\u00e9e. Dans le casdu sol, la maladie peut se propager dans tout le milieu de culture, affectant de nombreuses plantes. De plus, la m\u00e9thode de culture a\u00e9roponique d\u00e9barrasse automatiquement les plantes des maladies inh\u00e9rentes au sol, ainsi que d&#8217;un grand nombre de parasites vivant dans le sol.<\/p>\n<ul>\n<li>Economie.<\/li>\n<\/ul>\n<p>Le pricipal avantage \u00e9conomique de l&#8217;a\u00e9roponie est qu&#8217;elle ne n\u00e9cessite pas de terrain pour produire et, par cos\u00e9quent, il est possible de cr\u00e9er des serres \u00e0 plusieurs niveaux pour la production alimentaire. Cette approche peut r\u00e9soudre les probl\u00e8mes d&#8217;un nombre limit\u00e9 de zones pour la culture dendr\u00e9es alimentaires dans des zones inadapt\u00e9es \u00e0 l&#8217; agriculture. Dans un A\u00e9roponique vertical, par exemple, jusqu&#8217;\u00e0 2000 plantes peuvent \u00eatre cultiv\u00e9es simultan\u00e9ment, avec une surface de base d&#8217;environ &#8221; m\u00e8tres carr\u00e9s. Par rapport aux serres traditionneles, des \u00e9conomies de surface de 20 \u00e0 60 fois sont r\u00e9alis\u00e9es, selon la culture cutiv\u00e9e. Ceci, bien s\u00fbr, conduit \u00e0 d&#8217;importantes \u00e9conomies d&#8217;\u00e9nergie et de ressources financi\u00e8res.<\/p>\n<ul>\n<li>Intensification de la production.<\/li>\n<\/ul>\n<p>Le syst\u00e8me racinaire oxyg\u00e9n\u00e9 acc\u00e9l\u00e8re la cultivation et le d\u00e9veloppement des plantes. Les condions favorables cr\u00e9\u00e9es pour les cultures augmentent a productivit\u00e9 plusieurs fois par rapport aux analogues cultiv\u00e9s dans le sol ou dans le substrat. La v\u00e9g\u00e9tation acc\u00e9l\u00e9r\u00e9e permet de r\u00e9colter plusieurs fois par an, stable et non li\u00e9 aux fluctuations climatiques. Dans la production v\u00e9g\u00e9tale classique, il y a toujours un facteur limitant-\u00e9clairage, humidit\u00e9, manque de nutrition, temp\u00e9rature, manque de CO2 etc. En A\u00e9roponie, la plupart des maillons faibles de la cha\u00eene sont coup\u00e9s, notamment le blocage des \u00e9l\u00e9ments dans le sol. Des conditions presque id\u00e9ales cr\u00e9\u00e9es pour un rendement maximal.<\/p>\n<ul>\n<li>Facilit\u00e9 d&#8217;utilisation.<\/li>\n<\/ul>\n<p>L&#8217;entretien des plantes est tr\u00e8s facile. Lors de la plantation, placez simplement les semis pr\u00e9-germ\u00e9s dans des paniers, ajoutez de l&#8217;eau et les nu triments recommand\u00e9s dans le r\u00e9servoir. Pour mettre \u00e0 jour ou remplacer, il suffit d&#8217;enlever l&#8217;ancienne plante et de rincer le syst\u00e8me d&#8217;irrigation.<\/p><\/div><\/div>","protected":false},"excerpt":{"rendered":"<p>AVANTAGES DE LA CULTIVATION DES PLANTES AEROPONIQUES Respect de l&#8217;environnement. \u00a0La cultivation a\u00e9roponique des plantes est consider\u00e9e comme un moyent s\u00fbr et respecteux de l&#8217;environnement d&#8217;obtenir des plantes et des cultures naturelles et saines. En outre, un avantage environnemental suppl\u00e9mentaire de l&#8217;a\u00e9roponie est l&#8217;\u00e9conomie d&#8217;eau et d&#8217;\u00e9nergie. Par rapport \u00e0 a cuture v\u00e9g\u00e9tale conentionnelle, l&#8217;a\u00e9roponie [&hellip;]<\/p>\n","protected":false},"author":1,"featured_media":0,"parent":0,"menu_order":1,"comment_status":"closed","ping_status":"closed","template":"template-fullwidth.php","meta":{"footnotes":""},"class_list":["post-1584","page","type-page","status-publish","hentry"],"_links":{"self":[{"href":"https:\/\/aeroponics.one\/index.php?rest_route=\/wp\/v2\/pages\/1584","targetHints":{"allow":["GET"]}}],"collection":[{"href":"https:\/\/aeroponics.one\/index.php?rest_route=\/wp\/v2\/pages"}],"about":[{"href":"https:\/\/aeroponics.one\/index.php?rest_route=\/wp\/v2\/types\/page"}],"author":[{"embeddable":true,"href":"https:\/\/aeroponics.one\/index.php?rest_route=\/wp\/v2\/users\/1"}],"replies":[{"embeddable":true,"href":"https:\/\/aeroponics.one\/index.php?rest_route=%2Fwp%2Fv2%2Fcomments&post=1584"}],"version-history":[{"count":9,"href":"https:\/\/aeroponics.one\/index.php?rest_route=\/wp\/v2\/pages\/1584\/revisions"}],"predecessor-version":[{"id":2138,"href":"https:\/\/aeroponics.one\/index.php?rest_route=\/wp\/v2\/pages\/1584\/revisions\/2138"}],"wp:attachment":[{"href":"https:\/\/aeroponics.one\/index.php?rest_route=%2Fwp%2Fv2%2Fmedia&parent=1584"}],"curies":[{"name":"wp","href":"https:\/\/api.w.org\/{rel}","templated":true}]}}